{"id":2763,"date":"2025-12-16T18:38:28","date_gmt":"2025-12-16T18:38:28","guid":{"rendered":"https:\/\/enrollva.org\/obten-ayuda\/"},"modified":"2026-03-17T14:47:56","modified_gmt":"2026-03-17T14:47:56","slug":"obten-ayuda","status":"publish","type":"page","link":"https:\/\/enrollva.org\/es\/obten-ayuda\/","title":{"rendered":"Obt\u00e9n ayuda"},"content":{"rendered":"<p><div class=\"fusion-fullwidth fullwidth-box fusion-builder-row-1 fusion-flex-container nonhundred-percent-fullwidth non-hundred-percent-height-scrolling\" style=\"--link_hover_color: var(--awb-color5);--link_color: var(--awb-color7);--awb-border-radius-top-left:0px;--awb-border-radius-top-right:0px;--awb-border-radius-bottom-right:0px;--awb-border-radius-bottom-left:0px;--awb-padding-top:120px;--awb-padding-bottom:120px;--awb-padding-top-medium:94px;--awb-padding-bottom-medium:94px;--awb-padding-top-small:72px;--awb-padding-bottom-small:80px;--awb-background-color:var(--awb-color2);--awb-flex-wrap:wrap;\" ><div class=\"fusion-builder-row fusion-row fusion-flex-align-items-stretch fusion-flex-content-wrap\" style=\"max-width:1310.4px;margin-left: calc(-4% \/ 2 );margin-right: calc(-4% \/ 2 );\"><div class=\"fusion-layout-column fusion_builder_column fusion-builder-column-0 fusion_builder_column_1_1 1_1 fusion-flex-column\" style=\"--awb-bg-size:cover;--awb-width-large:100%;--awb-margin-top-large:20px;--awb-spacing-right-large:1.92%;--awb-margin-bottom-large:30px;--awb-spacing-left-large:1.92%;--awb-width-medium:100%;--awb-order-medium:0;--awb-spacing-right-medium:1.92%;--awb-margin-bottom-medium:20px;--awb-spacing-left-medium:1.92%;--awb-width-small:100%;--awb-order-small:0;--awb-spacing-right-small:1.92%;--awb-spacing-left-small:1.92%;\"><div class=\"fusion-column-wrapper fusion-column-has-shadow fusion-flex-justify-content-center fusion-content-layout-column\"><div class=\"fusion-title title fusion-title-1 fusion-sep-none fusion-title-center fusion-title-text fusion-title-size-two\" style=\"--awb-margin-top:0px;--awb-margin-top-small:10px;--awb-margin-right-small:0px;--awb-margin-bottom-small:20px;--awb-margin-left-small:0px;\"><h2 class=\"fusion-title-heading title-heading-center fusion-responsive-typography-calculated\" style=\"margin:0;--fontSize:48;line-height:1.2;\">Obt\u00e9n ayuda gratuita e imparcial.<\/h2><\/div><div class=\"fusion-text fusion-text-1\"><p style=\"text-align: center;\">Escribe su c\u00f3digo postal a continuaci\u00f3n y le daremos el nombre y el n\u00famero de tel\u00e9fono de un experto de su zona que podr\u00e1 ayudarle a completar su solicitud y a entender sus opciones de seguro m\u00e9dico.<\/p>\n<p style=\"text-align: center;\">En algunas \u00e1reas, podr\u00e1 agendar su cita directamente en esta p\u00e1gina web. Busca la opci\u00f3n \u00abAgenda cita en l\u00ednea\u00bb debajo del n\u00famero de tel\u00e9fono de la oficina.<\/p>\n<\/div><\/div><\/div><div class=\"fusion-layout-column fusion_builder_column fusion-builder-column-1 fusion_builder_column_1_1 1_1 fusion-flex-column\" style=\"--awb-bg-size:cover;--awb-width-large:100%;--awb-margin-top-large:20px;--awb-spacing-right-large:1.92%;--awb-margin-bottom-large:20px;--awb-spacing-left-large:1.92%;--awb-width-medium:100%;--awb-order-medium:0;--awb-spacing-right-medium:1.92%;--awb-spacing-left-medium:1.92%;--awb-width-small:100%;--awb-order-small:0;--awb-spacing-right-small:1.92%;--awb-spacing-left-small:1.92%;\"><div class=\"fusion-column-wrapper fusion-column-has-shadow fusion-flex-justify-content-flex-start fusion-content-layout-column\"><div id=\"storelocatorwidget\" style=\"width:100%;\"><p>Cargando <a href=\"https:\/\/www.storelocatorwidgets.com\">programas inform\u00e1ticos<\/a>...<\/p><\/div>\n<script type=\"text\/javascript\" id=\"mapboxscript\" src=\"\/\/cdn.storelocatorwidgets.com\/widget\/mapbox-gl.js\"><\/script>\n<script type=\"text\/javascript\" id=\"storelocatorscript\" data-uid=\"c57d93ba8906a60f275bcd960a0a65d1\" data-platform=\"MapTiler\" src=\"\/\/cdn.storelocatorwidgets.com\/widget\/widget.js\"><\/script><\/div><\/div><\/div><\/div><div class=\"fusion-fullwidth fullwidth-box fusion-builder-row-2 fusion-flex-container nonhundred-percent-fullwidth non-hundred-percent-height-scrolling\" style=\"--link_hover_color: var(--awb-color5);--link_color: var(--awb-color7);--awb-border-radius-top-left:0px;--awb-border-radius-top-right:0px;--awb-border-radius-bottom-right:0px;--awb-border-radius-bottom-left:0px;--awb-padding-bottom:20px;--awb-padding-top-medium:0px;--awb-padding-top-small:0px;--awb-flex-wrap:wrap;\" ><div class=\"fusion-builder-row fusion-row fusion-flex-align-items-flex-start fusion-flex-justify-content-flex-end fusion-flex-content-wrap\" style=\"max-width:1310.4px;margin-left: calc(-4% \/ 2 );margin-right: calc(-4% \/ 2 );\"><div class=\"fusion-layout-column fusion_builder_column fusion-builder-column-2 fusion_builder_column_1_3 1_3 fusion-flex-column\" style=\"--awb-bg-size:cover;--awb-width-large:33.333333333333%;--awb-margin-top-large:20px;--awb-spacing-right-large:11.52%;--awb-margin-bottom-large:30px;--awb-spacing-left-large:5.76%;--awb-width-medium:100%;--awb-order-medium:0;--awb-spacing-right-medium:3.84%;--awb-margin-bottom-medium:0px;--awb-spacing-left-medium:1.92%;--awb-width-small:100%;--awb-order-small:0;--awb-margin-top-small:0px;--awb-spacing-right-small:1.92%;--awb-spacing-left-small:1.92%;\"><div class=\"fusion-column-wrapper fusion-column-has-shadow fusion-flex-justify-content-flex-start fusion-content-layout-column\"><div class=\"fusion-title title fusion-title-2 fusion-sep-none fusion-title-text fusion-title-size-three\" style=\"--awb-margin-top-small:10px;--awb-margin-right-small:0px;--awb-margin-bottom-small:20px;--awb-margin-left-small:0px;\"><h3 class=\"fusion-title-heading title-heading-left fusion-responsive-typography-calculated\" style=\"margin:0;--fontSize:36;line-height:1.3;\">Otros recursos.<\/h3><\/div><\/div><\/div><div class=\"fusion-layout-column fusion_builder_column fusion-builder-column-3 fusion_builder_column_1_3 1_3 fusion-flex-column\" style=\"--awb-padding-top:36px;--awb-padding-right:40px;--awb-padding-bottom:16px;--awb-padding-left:40px;--awb-overflow:hidden;--awb-bg-color:var(--awb-color1);--awb-bg-color-hover:var(--awb-color1);--awb-bg-size:cover;--awb-box-shadow:0px 2px 4px -1px hsla(var(--awb-color8-h),var(--awb-color8-s),var(--awb-color8-l),calc( var(--awb-color8-a) - 92% ));;--awb-border-color:hsla(var(--awb-color8-h),var(--awb-color8-s),var(--awb-color8-l),calc( var(--awb-color8-a) - 92% ));--awb-border-top:1px;--awb-border-right:1px;--awb-border-bottom:1px;--awb-border-left:1px;--awb-border-style:solid;--awb-border-radius:8px 8px 8px 8px;--awb-width-large:33.333333333333%;--awb-margin-top-large:20px;--awb-spacing-right-large:20px;--awb-margin-bottom-large:20px;--awb-spacing-left-large:20px;--awb-width-medium:50%;--awb-order-medium:0;--awb-spacing-right-medium:20px;--awb-spacing-left-medium:20px;--awb-width-small:100%;--awb-order-small:0;--awb-spacing-right-small:20px;--awb-margin-bottom-small:10px;--awb-spacing-left-small:20px;\"><div class=\"fusion-column-wrapper fusion-column-has-shadow fusion-flex-justify-content-flex-start fusion-content-layout-column\"><a class=\"fb-icon-element-1 fb-icon-element fontawesome-icon fa-clinic-medical fas circle-no fusion-text-flow fusion-link icon-hover-animation-slide\" style=\"--awb-iconcolor-hover:var(--awb-color7);--awb-font-size:32px;--awb-margin-bottom:16px;\" href=\"https:\/\/enrollva.org\/clinics\/\" target=\"_self\" aria-label=\"Link to https:\/\/enrollva.org\/clinics\/\"><\/a><div class=\"fusion-title title fusion-title-3 fusion-sep-none fusion-title-text fusion-title-size-four\" style=\"--awb-margin-top-small:10px;--awb-margin-right-small:0px;--awb-margin-bottom-small:20px;--awb-margin-left-small:0px;\"><h4 class=\"fusion-title-heading title-heading-left fusion-responsive-typography-calculated\" style=\"margin:0;--fontSize:24;--minFontSize:24;line-height:1.42;\">Cl\u00ednicas de salud<\/h4><\/div><div class=\"fusion-text fusion-text-2\" style=\"--awb-font-size:18px;\"><p>Si no tiene un seguro m\u00e9dico, podr\u00eda calificar para servicios de atenci\u00f3n de salud gratuitas o de bajo costo en una cl\u00ednica gratuita o un centro de salud comunitario. <\/p>\n<\/div><div class=\"fusion-text fusion-text-3\" style=\"--awb-text-font-family:var(--awb-typography3-font-family);--awb-text-font-weight:var(--awb-typography3-font-weight);--awb-text-font-style:var(--awb-typography3-font-style);\"><p><a href=\"https:\/\/enrollva.org\/clinics\/\" target=\"_blank\" rel=\"noopener noreferrer\">Aprende m\u00e1s.<\/a><\/p>\n<\/div><\/div><\/div><div class=\"fusion-layout-column fusion_builder_column fusion-builder-column-4 fusion_builder_column_1_3 1_3 fusion-flex-column\" style=\"--awb-padding-top:36px;--awb-padding-right:40px;--awb-padding-bottom:16px;--awb-padding-left:40px;--awb-overflow:hidden;--awb-bg-color:var(--awb-color1);--awb-bg-color-hover:var(--awb-color1);--awb-bg-size:cover;--awb-box-shadow:0px 2px 4px -1px hsla(var(--awb-color8-h),var(--awb-color8-s),var(--awb-color8-l),calc( var(--awb-color8-a) - 92% ));;--awb-border-color:hsla(var(--awb-color8-h),var(--awb-color8-s),var(--awb-color8-l),calc( var(--awb-color8-a) - 92% ));--awb-border-top:1px;--awb-border-right:1px;--awb-border-bottom:1px;--awb-border-left:1px;--awb-border-style:solid;--awb-border-radius:8px 8px 8px 8px;--awb-width-large:33.333333333333%;--awb-margin-top-large:20px;--awb-spacing-right-large:20px;--awb-margin-bottom-large:20px;--awb-spacing-left-large:20px;--awb-width-medium:50%;--awb-order-medium:0;--awb-spacing-right-medium:20px;--awb-spacing-left-medium:20px;--awb-width-small:100%;--awb-order-small:0;--awb-spacing-right-small:1.92%;--awb-margin-bottom-small:10px;--awb-spacing-left-small:1.92%;\"><div class=\"fusion-column-wrapper fusion-column-has-shadow fusion-flex-justify-content-flex-start fusion-content-layout-column\"><a class=\"fb-icon-element-2 fb-icon-element fontawesome-icon fa-utensils fas circle-no fusion-text-flow fusion-link icon-hover-animation-slide\" style=\"--awb-iconcolor-hover:var(--awb-color7);--awb-font-size:32px;--awb-margin-bottom:16px;\" href=\"https:\/\/enrollva.org\/health-and-food-programs-for-uninsured-virginians\/\" target=\"_self\" aria-label=\"Link to https:\/\/enrollva.org\/health-and-food-programs-for-uninsured-virginians\/\"><\/a><div class=\"fusion-title title fusion-title-4 fusion-sep-none fusion-title-text fusion-title-size-four\" style=\"--awb-margin-top-small:10px;--awb-margin-right-small:0px;--awb-margin-bottom-small:20px;--awb-margin-left-small:0px;\"><h4 class=\"fusion-title-heading title-heading-left fusion-responsive-typography-calculated\" style=\"margin:0;--fontSize:24;--minFontSize:24;line-height:1.42;\">Programas de salud y alimentaci\u00f3n<\/h4><\/div><div class=\"fusion-text fusion-text-4\" style=\"--awb-font-size:18px;\"><p>Aunque no califique para Medicaid o SNAP, a\u00fan existen formas de acceder a servicios de salud y asistencia alimentaria.<\/p>\n<\/div><div class=\"fusion-text fusion-text-5\" style=\"--awb-text-font-family:var(--awb-typography3-font-family);--awb-text-font-weight:var(--awb-typography3-font-weight);--awb-text-font-style:var(--awb-typography3-font-style);\"><p><a href=\"https:\/\/enrollva.org\/health-and-food-programs-for-uninsured-virginians\/\" target=\"_blank\" rel=\"noopener noreferrer\">Aprende m\u00e1s.<\/a><\/p>\n<\/div><\/div><\/div><div class=\"fusion-layout-column fusion_builder_column fusion-builder-column-5 fusion_builder_column_1_3 1_3 fusion-flex-column\" style=\"--awb-padding-top:36px;--awb-padding-right:40px;--awb-padding-bottom:16px;--awb-padding-left:40px;--awb-overflow:hidden;--awb-bg-color:var(--awb-color1);--awb-bg-color-hover:var(--awb-color1);--awb-bg-size:cover;--awb-box-shadow:0px 2px 4px -1px hsla(var(--awb-color8-h),var(--awb-color8-s),var(--awb-color8-l),calc( var(--awb-color8-a) - 92% ));;--awb-border-color:hsla(var(--awb-color8-h),var(--awb-color8-s),var(--awb-color8-l),calc( var(--awb-color8-a) - 92% ));--awb-border-top:1px;--awb-border-right:1px;--awb-border-bottom:1px;--awb-border-left:1px;--awb-border-style:solid;--awb-border-radius:8px 8px 8px 8px;--awb-width-large:33.333333333333%;--awb-margin-top-large:20px;--awb-spacing-right-large:20px;--awb-margin-bottom-large:20px;--awb-spacing-left-large:20px;--awb-width-medium:50%;--awb-order-medium:0;--awb-spacing-right-medium:20px;--awb-spacing-left-medium:20px;--awb-width-small:100%;--awb-order-small:0;--awb-spacing-right-small:1.92%;--awb-margin-bottom-small:10px;--awb-spacing-left-small:1.92%;\"><div class=\"fusion-column-wrapper fusion-column-has-shadow fusion-flex-justify-content-flex-start fusion-content-layout-column\"><a class=\"fb-icon-element-3 fb-icon-element fontawesome-icon fa-phone-alt fas circle-no fusion-text-flow fusion-link icon-hover-animation-slide\" style=\"--awb-iconcolor-hover:var(--awb-color7);--awb-font-size:32px;--awb-margin-bottom:16px;\" href=\"https:\/\/www.vplc.org\/get-legal-help\/#legal-aid-helplines:~:text=Learn%20More-,Legal%20Aid%20Helplines,-Whether%20you%E2%80%99re%20dealing\" target=\"_self\" aria-label=\"Link to https:\/\/www.vplc.org\/get-legal-help\/#legal-aid-helplines:~:text=Learn%20More-,Legal%20Aid%20Helplines,-Whether%20you%E2%80%99re%20dealing\"><\/a><div class=\"fusion-title title fusion-title-5 fusion-sep-none fusion-title-text fusion-title-size-four\" style=\"--awb-margin-top-small:10px;--awb-margin-right-small:0px;--awb-margin-bottom-small:20px;--awb-margin-left-small:0px;\"><h4 class=\"fusion-title-heading title-heading-left fusion-responsive-typography-calculated\" style=\"margin:0;--fontSize:24;--minFontSize:24;line-height:1.42;\">L\u00edneas de Ayuda del Centro Legal en Contra de la Pobreza de Virginia (VPLC por sus signas en ingl\u00e9s)<\/h4><\/div><div class=\"fusion-text fusion-text-6\" style=\"--awb-font-size:18px;\"><p>Las l\u00edneas de ayuda del Centro Legal en Contra de la Pobreza de Virginia ofrecen apoyo en temas como pr\u00e9stamos depredadores, servicios p\u00fablicos y beneficios alimentarios.<\/p>\n<\/div><div class=\"fusion-text fusion-text-7\" style=\"--awb-text-font-family:var(--awb-typography3-font-family);--awb-text-font-weight:var(--awb-typography3-font-weight);--awb-text-font-style:var(--awb-typography3-font-style);\"><p><a href=\"https:\/\/www.vplc.org\/get-legal-help\/#legal-aid-helplines:~:text=Learn%20More-,Legal%20Aid%20Helplines,-Whether%20you%E2%80%99re%20dealing\" target=\"_blank\" rel=\"noopener noreferrer\">Aprende m\u00e1s.<\/a><\/p>\n<\/div><\/div><\/div><div class=\"fusion-layout-column fusion_builder_column fusion-builder-column-6 fusion_builder_column_1_3 1_3 fusion-flex-column\" style=\"--awb-padding-top:36px;--awb-padding-right:40px;--awb-padding-bottom:16px;--awb-padding-left:40px;--awb-overflow:hidden;--awb-bg-color:var(--awb-color1);--awb-bg-color-hover:var(--awb-color1);--awb-bg-size:cover;--awb-box-shadow:0px 2px 4px -1px hsla(var(--awb-color8-h),var(--awb-color8-s),var(--awb-color8-l),calc( var(--awb-color8-a) - 92% ));;--awb-border-color:hsla(var(--awb-color8-h),var(--awb-color8-s),var(--awb-color8-l),calc( var(--awb-color8-a) - 92% ));--awb-border-top:1px;--awb-border-right:1px;--awb-border-bottom:1px;--awb-border-left:1px;--awb-border-style:solid;--awb-border-radius:8px 8px 8px 8px;--awb-width-large:33.333333333333%;--awb-margin-top-large:20px;--awb-spacing-right-large:20px;--awb-margin-bottom-large:20px;--awb-spacing-left-large:20px;--awb-width-medium:50%;--awb-order-medium:0;--awb-spacing-right-medium:20px;--awb-spacing-left-medium:20px;--awb-width-small:100%;--awb-order-small:0;--awb-spacing-right-small:1.92%;--awb-margin-bottom-small:10px;--awb-spacing-left-small:1.92%;\"><div class=\"fusion-column-wrapper fusion-column-has-shadow fusion-flex-justify-content-flex-start fusion-content-layout-column\"><a class=\"fb-icon-element-4 fb-icon-element fontawesome-icon fa-gavel fas circle-no fusion-text-flow fusion-link icon-hover-animation-slide\" style=\"--awb-iconcolor-hover:var(--awb-color7);--awb-font-size:32px;--awb-margin-bottom:16px;\" href=\"https:\/\/www.valegalaid.org\/\" target=\"_self\" aria-label=\"Link to https:\/\/www.valegalaid.org\/\"><\/a><div class=\"fusion-title title fusion-title-6 fusion-sep-none fusion-title-text fusion-title-size-four\" style=\"--awb-margin-top-small:10px;--awb-margin-right-small:0px;--awb-margin-bottom-small:20px;--awb-margin-left-small:0px;\"><h4 class=\"fusion-title-heading title-heading-left fusion-responsive-typography-calculated\" style=\"margin:0;--fontSize:24;--minFontSize:24;line-height:1.42;\">Servicios Legales<\/h4><\/div><div class=\"fusion-text fusion-text-8\" style=\"--awb-font-size:18px;\"><p>Con\u00e9ctese con su oficina local de ayuda legal llamando al 1-866-LEGLAID (1-866-534-5243). Tambi\u00e9n puede encontrar recursos de autoayuda legal en la p\u00e1gina web estatal de ayuda legal.<\/p>\n<\/div><div class=\"fusion-text fusion-text-9\" style=\"--awb-text-font-family:var(--awb-typography3-font-family);--awb-text-font-weight:var(--awb-typography3-font-weight);--awb-text-font-style:var(--awb-typography3-font-style);\"><p><a href=\"https:\/\/www.valegalaid.org\/\" target=\"_blank\" rel=\"noopener noreferrer\">VALegalAid.org<\/a><\/p>\n<\/div><\/div><\/div><div class=\"fusion-layout-column fusion_builder_column fusion-builder-column-7 fusion_builder_column_1_3 1_3 fusion-flex-column\" style=\"--awb-padding-top:36px;--awb-padding-right:40px;--awb-padding-bottom:16px;--awb-padding-left:40px;--awb-overflow:hidden;--awb-bg-color:var(--awb-color1);--awb-bg-color-hover:var(--awb-color1);--awb-bg-size:cover;--awb-box-shadow:0px 2px 4px -1px hsla(var(--awb-color8-h),var(--awb-color8-s),var(--awb-color8-l),calc( var(--awb-color8-a) - 92% ));;--awb-border-color:hsla(var(--awb-color8-h),var(--awb-color8-s),var(--awb-color8-l),calc( var(--awb-color8-a) - 92% ));--awb-border-top:1px;--awb-border-right:1px;--awb-border-bottom:1px;--awb-border-left:1px;--awb-border-style:solid;--awb-border-radius:8px 8px 8px 8px;--awb-width-large:33.333333333333%;--awb-margin-top-large:20px;--awb-spacing-right-large:20px;--awb-margin-bottom-large:20px;--awb-spacing-left-large:20px;--awb-width-medium:50%;--awb-order-medium:0;--awb-spacing-right-medium:20px;--awb-spacing-left-medium:20px;--awb-width-small:100%;--awb-order-small:0;--awb-spacing-right-small:1.92%;--awb-margin-bottom-small:10px;--awb-spacing-left-small:1.92%;\"><div class=\"fusion-column-wrapper fusion-column-has-shadow fusion-flex-justify-content-flex-start fusion-content-layout-column\"><a class=\"fb-icon-element-5 fb-icon-element fontawesome-icon fa-atlas fas circle-no fusion-text-flow fusion-link icon-hover-animation-slide\" style=\"--awb-iconcolor-hover:var(--awb-color7);--awb-font-size:32px;--awb-margin-bottom:16px;\" href=\"https:\/\/www.vplc.org\/immigration-rights-and-resources\/\" target=\"_self\" aria-label=\"Link to https:\/\/www.vplc.org\/immigration-rights-and-resources\/\"><\/a><div class=\"fusion-title title fusion-title-7 fusion-sep-none fusion-title-text fusion-title-size-four\" style=\"--awb-margin-top-small:10px;--awb-margin-right-small:0px;--awb-margin-bottom-small:20px;--awb-margin-left-small:0px;\"><h4 class=\"fusion-title-heading title-heading-left fusion-responsive-typography-calculated\" style=\"margin:0;--fontSize:24;--minFontSize:24;line-height:1.42;\">Derechos y recursos migratorios<\/h4><\/div><div class=\"fusion-text fusion-text-10\" style=\"--awb-font-size:18px;\"><p>Recursos educativos para inmigrantes y defensores que abordan temas como elaborar un plan de emergencia y como encontrar un abogado de confianza.<\/p>\n<\/div><div class=\"fusion-text fusion-text-11\" style=\"--awb-text-font-family:var(--awb-typography3-font-family);--awb-text-font-weight:var(--awb-typography3-font-weight);--awb-text-font-style:var(--awb-typography3-font-style);\"><p><a href=\"https:\/\/www.vplc.org\/immigration-rights-and-resources\/\" target=\"_blank\" rel=\"noopener noreferrer\">Aprende m\u00e1s.<\/a><\/p>\n<\/div><\/div><\/div><\/div><\/div><\/p>\n","protected":false},"excerpt":{"rendered":"","protected":false},"author":1,"featured_media":0,"parent":0,"menu_order":0,"comment_status":"closed","ping_status":"closed","template":"100-width.php","meta":{"footnotes":""},"class_list":["post-2763","page","type-page","status-publish","hentry"],"_links":{"self":[{"href":"https:\/\/enrollva.org\/es\/wp-json\/wp\/v2\/pages\/2763","targetHints":{"allow":["GET"]}}],"collection":[{"href":"https:\/\/enrollva.org\/es\/wp-json\/wp\/v2\/pages"}],"about":[{"href":"https:\/\/enrollva.org\/es\/wp-json\/wp\/v2\/types\/page"}],"author":[{"embeddable":true,"href":"https:\/\/enrollva.org\/es\/wp-json\/wp\/v2\/users\/1"}],"replies":[{"embeddable":true,"href":"https:\/\/enrollva.org\/es\/wp-json\/wp\/v2\/comments?post=2763"}],"version-history":[{"count":5,"href":"https:\/\/enrollva.org\/es\/wp-json\/wp\/v2\/pages\/2763\/revisions"}],"predecessor-version":[{"id":2768,"href":"https:\/\/enrollva.org\/es\/wp-json\/wp\/v2\/pages\/2763\/revisions\/2768"}],"wp:attachment":[{"href":"https:\/\/enrollva.org\/es\/wp-json\/wp\/v2\/media?parent=2763"}],"curies":[{"name":"wp","href":"https:\/\/api.w.org\/{rel}","templated":true}]}}