{"id":2797,"date":"2025-10-23T20:02:42","date_gmt":"2025-10-23T20:02:42","guid":{"rendered":"https:\/\/enrollva.org\/saliendo-del-sistema-de-cuidado-de-crianza-temporal-foster-care-en-ingles-por-mayoria-de-edad\/"},"modified":"2026-03-23T18:54:36","modified_gmt":"2026-03-23T18:54:36","slug":"saliendo-del-sistema-de-cuidado-de-crianza-temporal-foster-care-en-ingles-por-mayoria-de-edad","status":"publish","type":"page","link":"https:\/\/enrollva.org\/es\/saliendo-del-sistema-de-cuidado-de-crianza-temporal-foster-care-en-ingles-por-mayoria-de-edad\/","title":{"rendered":"Saliendo del sistema de cuidado de crianza temporal (Foster Care en ingles) por mayor\u00eda de edad"},"content":{"rendered":"<p><div class=\"fusion-fullwidth fullwidth-box fusion-builder-row-1 fusion-flex-container has-pattern-background has-mask-background nonhundred-percent-fullwidth non-hundred-percent-height-scrolling\" style=\"--awb-border-radius-top-left:0px;--awb-border-radius-top-right:0px;--awb-border-radius-bottom-right:0px;--awb-border-radius-bottom-left:0px;--awb-flex-wrap:wrap;\" ><div class=\"fusion-builder-row fusion-row fusion-flex-align-items-flex-start fusion-flex-content-wrap\" style=\"max-width:1310.4px;margin-left: calc(-4% \/ 2 );margin-right: calc(-4% \/ 2 );\"><div class=\"fusion-layout-column fusion_builder_column fusion-builder-column-0 fusion_builder_column_1_1 1_1 fusion-flex-column\" style=\"--awb-bg-size:cover;--awb-width-large:100%;--awb-margin-top-large:20px;--awb-spacing-right-large:1.92%;--awb-margin-bottom-large:20px;--awb-spacing-left-large:1.92%;--awb-width-medium:100%;--awb-order-medium:0;--awb-spacing-right-medium:1.92%;--awb-spacing-left-medium:1.92%;--awb-width-small:100%;--awb-order-small:0;--awb-spacing-right-small:1.92%;--awb-spacing-left-small:1.92%;\"><div class=\"fusion-column-wrapper fusion-column-has-shadow fusion-flex-justify-content-flex-start fusion-content-layout-column\"><div class=\"fusion-title title fusion-title-1 fusion-sep-none fusion-title-text fusion-title-size-one\" style=\"--awb-margin-top-small:10px;--awb-margin-right-small:0px;--awb-margin-bottom-small:20px;--awb-margin-left-small:0px;\"><h1 class=\"fusion-title-heading title-heading-left fusion-responsive-typography-calculated\" style=\"margin:0;--fontSize:60;line-height:var(--awb-typography1-line-height);\"><div style=\"text-align: center;\">Saliendo del sistema de cuidado de crianza temporal (Foster Care en ingles) por mayor\u00eda de edad.<\/div><\/h1><\/div><\/div><\/div><\/div><\/div><div class=\"fusion-fullwidth fullwidth-box fusion-builder-row-2 fusion-flex-container has-pattern-background has-mask-background nonhundred-percent-fullwidth non-hundred-percent-height-scrolling\" style=\"--awb-border-radius-top-left:0px;--awb-border-radius-top-right:0px;--awb-border-radius-bottom-right:0px;--awb-border-radius-bottom-left:0px;--awb-flex-wrap:wrap;\" ><div class=\"fusion-builder-row fusion-row fusion-flex-align-items-flex-start fusion-flex-content-wrap\" style=\"max-width:1310.4px;margin-left: calc(-4% \/ 2 );margin-right: calc(-4% \/ 2 );\"><div class=\"fusion-layout-column fusion_builder_column fusion-builder-column-1 fusion_builder_column_2_3 2_3 fusion-flex-column\" style=\"--awb-bg-size:cover;--awb-width-large:66.666666666667%;--awb-margin-top-large:20px;--awb-spacing-right-large:2.88%;--awb-margin-bottom-large:20px;--awb-spacing-left-large:2.88%;--awb-width-medium:66.666666666667%;--awb-order-medium:0;--awb-spacing-right-medium:2.88%;--awb-spacing-left-medium:2.88%;--awb-width-small:100%;--awb-order-small:0;--awb-spacing-right-small:1.92%;--awb-spacing-left-small:1.92%;\"><div class=\"fusion-column-wrapper fusion-column-has-shadow fusion-flex-justify-content-flex-start fusion-content-layout-column\"><div class=\"fusion-text fusion-text-1\"><p>Si est\u00e1s en el cuidado de crianza temporal (Foster Care) o has salido recientemente del cuidado, eres elegible para Medicaid de beneficio completo sin costo alguno.<\/p>\n<p>Los j\u00f3venes adultos que salen del cuidado de crianza temporal pueden acceder a Medicaid hasta que cumplen 26 a\u00f1os, incluso si superan el l\u00edmite de ingresos.<\/p>\n<\/div><\/div><\/div><div class=\"fusion-layout-column fusion_builder_column fusion-builder-column-2 fusion_builder_column_1_3 1_3 fusion-flex-column\" style=\"--awb-bg-size:cover;--awb-width-large:33.333333333333%;--awb-margin-top-large:20px;--awb-spacing-right-large:5.76%;--awb-margin-bottom-large:20px;--awb-spacing-left-large:5.76%;--awb-width-medium:33.333333333333%;--awb-order-medium:0;--awb-spacing-right-medium:5.76%;--awb-spacing-left-medium:5.76%;--awb-width-small:100%;--awb-order-small:0;--awb-spacing-right-small:1.92%;--awb-spacing-left-small:1.92%;\"><div class=\"fusion-column-wrapper fusion-column-has-shadow fusion-flex-justify-content-flex-start fusion-content-layout-column\"><div class=\"fusion-image-element \" style=\"text-align:center;--awb-caption-title-font-family:var(--h2_typography-font-family);--awb-caption-title-font-weight:var(--h2_typography-font-weight);--awb-caption-title-font-style:var(--h2_typography-font-style);--awb-caption-title-size:var(--h2_typography-font-size);--awb-caption-title-transform:var(--h2_typography-text-transform);--awb-caption-title-line-height:var(--h2_typography-line-height);--awb-caption-title-letter-spacing:var(--h2_typography-letter-spacing);\"><span class=\" fusion-imageframe imageframe-none imageframe-1 hover-type-none\" style=\"border-radius:12px;\"><img decoding=\"async\" width=\"243\" height=\"177\" alt=\"Logo del Cuidado Cardinal\" title=\"Cuidado Cardinal\" src=\"https:\/\/enrollva.org\/wp-content\/uploads\/2025\/10\/cardinalcare-transparent.png\" data-orig-src=\"https:\/\/enrollva.org\/wp-content\/uploads\/2025\/10\/cardinalcare-transparent.png\" class=\"lazyload img-responsive wp-image-2798\" srcset=\"data:image\/svg+xml,%3Csvg%20xmlns%3D%27http%3A%2F%2Fwww.w3.org%2F2000%2Fsvg%27%20width%3D%27243%27%20height%3D%27177%27%20viewBox%3D%270%200%20243%20177%27%3E%3Crect%20width%3D%27243%27%20height%3D%27177%27%20fill-opacity%3D%220%22%2F%3E%3C%2Fsvg%3E\" data-srcset=\"https:\/\/enrollva.org\/wp-content\/uploads\/2025\/10\/cardinalcare-transparent-200x146.png 200w, https:\/\/enrollva.org\/wp-content\/uploads\/2025\/10\/cardinalcare-transparent.png 243w\" data-sizes=\"auto\" data-orig-sizes=\"(max-width: 640px) 100vw, 243px\" \/><\/span><\/div><\/div><\/div><\/div><\/div><div class=\"fusion-fullwidth fullwidth-box fusion-builder-row-3 fusion-flex-container has-pattern-background has-mask-background nonhundred-percent-fullwidth non-hundred-percent-height-scrolling\" style=\"--awb-border-radius-top-left:0px;--awb-border-radius-top-right:0px;--awb-border-radius-bottom-right:0px;--awb-border-radius-bottom-left:0px;--awb-flex-wrap:wrap;\" ><div class=\"fusion-builder-row fusion-row fusion-flex-align-items-flex-start fusion-flex-content-wrap\" style=\"max-width:1310.4px;margin-left: calc(-4% \/ 2 );margin-right: calc(-4% \/ 2 );\"><div class=\"fusion-layout-column fusion_builder_column fusion-builder-column-3 fusion_builder_column_1_3 1_3 fusion-flex-column\" style=\"--awb-bg-size:cover;--awb-width-large:33.333333333333%;--awb-margin-top-large:20px;--awb-spacing-right-large:5.76%;--awb-margin-bottom-large:20px;--awb-spacing-left-large:5.76%;--awb-width-medium:33.333333333333%;--awb-order-medium:0;--awb-spacing-right-medium:5.76%;--awb-spacing-left-medium:5.76%;--awb-width-small:100%;--awb-order-small:0;--awb-spacing-right-small:1.92%;--awb-spacing-left-small:1.92%;\"><div class=\"fusion-column-wrapper fusion-column-has-shadow fusion-flex-justify-content-flex-start fusion-content-layout-column\"><div class=\"fusion-image-element \" style=\"text-align:center;--awb-caption-title-font-family:var(--h2_typography-font-family);--awb-caption-title-font-weight:var(--h2_typography-font-weight);--awb-caption-title-font-style:var(--h2_typography-font-style);--awb-caption-title-size:var(--h2_typography-font-size);--awb-caption-title-transform:var(--h2_typography-text-transform);--awb-caption-title-line-height:var(--h2_typography-line-height);--awb-caption-title-letter-spacing:var(--h2_typography-letter-spacing);\"><span class=\" fusion-imageframe imageframe-none imageframe-2 hover-type-none\" style=\"border-radius:12px;\"><img decoding=\"async\" width=\"1044\" height=\"163\" alt=\"Logo de Anthem\" title=\"Anthem\" src=\"https:\/\/enrollva.org\/wp-content\/uploads\/2025\/10\/anthem-bcbs-logo-wcs-2023.png\" data-orig-src=\"https:\/\/enrollva.org\/wp-content\/uploads\/2025\/10\/anthem-bcbs-logo-wcs-2023.png\" class=\"lazyload img-responsive wp-image-2799\" srcset=\"data:image\/svg+xml,%3Csvg%20xmlns%3D%27http%3A%2F%2Fwww.w3.org%2F2000%2Fsvg%27%20width%3D%271044%27%20height%3D%27163%27%20viewBox%3D%270%200%201044%20163%27%3E%3Crect%20width%3D%271044%27%20height%3D%27163%27%20fill-opacity%3D%220%22%2F%3E%3C%2Fsvg%3E\" data-srcset=\"https:\/\/enrollva.org\/wp-content\/uploads\/2025\/10\/anthem-bcbs-logo-wcs-2023-200x31.png 200w, https:\/\/enrollva.org\/wp-content\/uploads\/2025\/10\/anthem-bcbs-logo-wcs-2023-400x62.png 400w, https:\/\/enrollva.org\/wp-content\/uploads\/2025\/10\/anthem-bcbs-logo-wcs-2023-600x94.png 600w, https:\/\/enrollva.org\/wp-content\/uploads\/2025\/10\/anthem-bcbs-logo-wcs-2023-800x125.png 800w, https:\/\/enrollva.org\/wp-content\/uploads\/2025\/10\/anthem-bcbs-logo-wcs-2023.png 1044w\" data-sizes=\"auto\" data-orig-sizes=\"(max-width: 640px) 100vw, 400px\" \/><\/span><\/div><\/div><\/div><div class=\"fusion-layout-column fusion_builder_column fusion-builder-column-4 fusion_builder_column_2_3 2_3 fusion-flex-column\" style=\"--awb-bg-size:cover;--awb-width-large:66.666666666667%;--awb-margin-top-large:20px;--awb-spacing-right-large:2.88%;--awb-margin-bottom-large:20px;--awb-spacing-left-large:2.88%;--awb-width-medium:66.666666666667%;--awb-order-medium:0;--awb-spacing-right-medium:2.88%;--awb-spacing-left-medium:2.88%;--awb-width-small:100%;--awb-order-small:0;--awb-spacing-right-small:1.92%;--awb-spacing-left-small:1.92%;\"><div class=\"fusion-column-wrapper fusion-column-has-shadow fusion-flex-justify-content-flex-start fusion-content-layout-column\"><div class=\"fusion-text fusion-text-2\"><p>En Virginia, <a href=\"https:\/\/www.anthem.com\/va\/medicaid\/foster-care-adoption\" target=\"_blank\" rel=\"noopener noreferrer\">Anthem<\/a> es la organizaci\u00f3n exclusiva de cuidado administrado para ni\u00f1os en el programa de cuidado de crianza temporal (Foster Care) y j\u00f3venes inscritos anteriormente en el programa. Su Organizaci\u00f3n de Atenci\u00f3n Administrada (MCO, por sus siglas en ingl\u00e9s) es el plan de salud que contrata con los proveedores para administrar su cobertura de Medicaid. Anthem proporcionan beneficios adicionales junto con su cobertura de salud. Puede ver una lista completa de los servicios adicionales disponibles para usted <b><a href=\"https:\/\/www.anthem.com\/va\/medicaid\/extras\" target=\"_blank\" rel=\"noopener noreferrer\">aqu\u00ed<\/a><\/b>.   <\/p>\n<p>Si descubre que su plan de salud no se ajusta a sus necesidades, puede obtener <a href=\"https:\/\/enrollva.org\/es\/obten-ayuda\/\" target=\"_blank\" rel=\"noopener noreferrer\">ayuda gratuita <\/a>para explorar otras \u00e1reas de cobertura.<\/p>\n<\/div><\/div><\/div><\/div><\/div><div class=\"fusion-fullwidth fullwidth-box fusion-builder-row-4 fusion-flex-container has-pattern-background has-mask-background nonhundred-percent-fullwidth non-hundred-percent-height-scrolling\" style=\"--awb-border-radius-top-left:0px;--awb-border-radius-top-right:0px;--awb-border-radius-bottom-right:0px;--awb-border-radius-bottom-left:0px;--awb-flex-wrap:wrap;\" ><div class=\"fusion-builder-row fusion-row fusion-flex-align-items-flex-start fusion-flex-content-wrap\" style=\"max-width:1310.4px;margin-left: calc(-4% \/ 2 );margin-right: calc(-4% \/ 2 );\"><div class=\"fusion-layout-column fusion_builder_column fusion-builder-column-5 fusion_builder_column_1_1 1_1 fusion-flex-column\" style=\"--awb-bg-size:cover;--awb-width-large:100%;--awb-margin-top-large:20px;--awb-spacing-right-large:1.92%;--awb-margin-bottom-large:20px;--awb-spacing-left-large:1.92%;--awb-width-medium:100%;--awb-order-medium:0;--awb-spacing-right-medium:1.92%;--awb-spacing-left-medium:1.92%;--awb-width-small:100%;--awb-order-small:0;--awb-spacing-right-small:1.92%;--awb-spacing-left-small:1.92%;\"><div class=\"fusion-column-wrapper fusion-column-has-shadow fusion-flex-justify-content-flex-start fusion-content-layout-column\"><div class=\"fusion-text fusion-text-3\"><h2 data-fontsize=\"48\" data-lineheight=\"57.6px\" class=\"fusion-responsive-typography-calculated\" style=\"text-align: left; --fontSize: 48; line-height: 1.2;\">C\u00f3mo Aplicar.<\/h2>\n<\/div><div class=\"fusion-text fusion-text-4\"><p>Puede aplicar para la cobertura de Medicaid directamente en l\u00ednea a trav\u00e9s de <a href=\"https:\/\/www.commonhelp.virginia.gov\/\" target=\"_blank\" rel=\"noopener noreferrer\">CommonHelp<\/a> o por tel\u00e9fono llamando a Cubre Virginia (<a href=\"tel:855-242-8282\" data-analytics-name=\"855-242-8282\" data-analytics-context=\"Text\" data-icons=\"-- Select an Icon --\" data-iconpos=\"end\" data-default-size=\"14px\">855-242-8282<\/a> \u2013 TTY 711).<\/p>\n<p>Si desea ayuda gratuita e imparcial para completar la solicitud, puede obtener ayuda en persona o virtual cerca de usted utilizando <b><a href=\"https:\/\/enrollva.org\/es\/obten-ayuda\/\" target=\"_blank\" rel=\"noopener noreferrer\">esta herramienta de localizaci\u00f3n en l\u00ednea<\/a><\/b>. Alguien responder\u00e1 sus preguntas, revisar\u00e1 sus opciones y le ayudar\u00e1 a llenar la solicitud. <\/p>\n<p><i>Enroll Virginia es una iniciativa sin fines de lucro y no partidista del Centro Legal en Contra de la Pobreza de Virginia. No estamos afiliados con Medicaid de Virginia ni con el Departamento de Servicios Sociales de Virginia. <\/i><\/p>\n<\/div><\/div><\/div><\/div><\/div><div class=\"fusion-fullwidth fullwidth-box fusion-builder-row-5 fusion-flex-container has-pattern-background has-mask-background nonhundred-percent-fullwidth non-hundred-percent-height-scrolling\" style=\"--awb-border-radius-top-left:0px;--awb-border-radius-top-right:0px;--awb-border-radius-bottom-right:0px;--awb-border-radius-bottom-left:0px;--awb-flex-wrap:wrap;\" ><div class=\"fusion-builder-row fusion-row fusion-flex-align-items-flex-start fusion-flex-content-wrap\" style=\"max-width:1310.4px;margin-left: calc(-4% \/ 2 );margin-right: calc(-4% \/ 2 );\"><div class=\"fusion-layout-column fusion_builder_column fusion-builder-column-6 fusion_builder_column_1_1 1_1 fusion-flex-column\" style=\"--awb-bg-size:cover;--awb-width-large:100%;--awb-margin-top-large:20px;--awb-spacing-right-large:1.92%;--awb-margin-bottom-large:20px;--awb-spacing-left-large:1.92%;--awb-width-medium:100%;--awb-order-medium:0;--awb-spacing-right-medium:1.92%;--awb-spacing-left-medium:1.92%;--awb-width-small:100%;--awb-order-small:0;--awb-spacing-right-small:1.92%;--awb-spacing-left-small:1.92%;\"><div class=\"fusion-column-wrapper fusion-column-has-shadow fusion-flex-justify-content-flex-start fusion-content-layout-column\"><div class=\"fusion-text fusion-text-5\"><h2 data-fontsize=\"48\" data-lineheight=\"57.6px\" class=\"fusion-responsive-typography-calculated\" style=\"text-align: left; --fontSize: 48; line-height: 1.2;\">M\u00e1s recursos para los habitantes de Virginia en cuidado de crianza temporal (Foster Care) y j\u00f3venes anteriormente inscritos en el cuidado.<\/h2>\n<\/div><\/div><\/div><\/div><\/div><div class=\"fusion-fullwidth fullwidth-box fusion-builder-row-6 fusion-flex-container has-pattern-background has-mask-background nonhundred-percent-fullwidth non-hundred-percent-height-scrolling\" style=\"--awb-border-radius-top-left:0px;--awb-border-radius-top-right:0px;--awb-border-radius-bottom-right:0px;--awb-border-radius-bottom-left:0px;--awb-flex-wrap:wrap;\" ><div class=\"fusion-builder-row fusion-row fusion-flex-align-items-flex-start fusion-flex-content-wrap\" style=\"max-width:1310.4px;margin-left: calc(-4% \/ 2 );margin-right: calc(-4% \/ 2 );\"><div class=\"fusion-layout-column fusion_builder_column fusion-builder-column-7 fusion_builder_column_1_3 1_3 fusion-flex-column\" style=\"--awb-bg-size:cover;--awb-width-large:33.333333333333%;--awb-margin-top-large:20px;--awb-spacing-right-large:5.76%;--awb-margin-bottom-large:20px;--awb-spacing-left-large:5.76%;--awb-width-medium:33.333333333333%;--awb-order-medium:0;--awb-spacing-right-medium:5.76%;--awb-spacing-left-medium:5.76%;--awb-width-small:100%;--awb-order-small:0;--awb-spacing-right-small:1.92%;--awb-spacing-left-small:1.92%;\"><div class=\"fusion-column-wrapper fusion-column-has-shadow fusion-flex-justify-content-flex-start fusion-content-layout-column\"><i class=\"fb-icon-element-1 fb-icon-element fontawesome-icon fa-utensils fas circle-no icon-hover-animation-slide\" style=\"--awb-iconcolor-hover:var(--awb-color7);--awb-font-size:81px;--awb-margin-top:0;--awb-margin-right:0;--awb-margin-bottom:0;--awb-margin-left:0;--awb-align-self:center;\"><\/i><div class=\"fusion-text fusion-text-6\"><h3 style=\"text-align: center; --fontSize: 36; line-height: 1.3;\" data-fontsize=\"36\" data-lineheight=\"46.8px\" class=\"fusion-responsive-typography-calculated\">Busca ayuda con los gastos de la comida.<\/h3>\n<\/div><div class=\"fusion-text fusion-text-7\"><p><strong><a href=\"http:\/\/vplc.org\/snap-calculator\" target=\"_blank\" rel=\"noopener noreferrer\"><\/a><a href=\"http:\/\/vplc.org\/snap-calculator\" target=\"_blank\" rel=\"noopener noreferrer\">La calculadora<\/a> de SNAP<\/strong> del Centro Legal en Contra de la Pobreza puede ayudarle a comprobar si es elegible para ayuda alimentaria y estimar su beneficio.<\/p>\n<p>For one-on-one help with the SNAP application, contact VPLC&#8217;s SNAP helpline: <a href=\"tel:866-753-7627\">866-753-SNAP<\/a>.<\/p>\n<p><em>*Nota: La calculadora de SNAP es un proyecto de Soluciones contra el hambre de Virginia y VPLC (con ayuda del proyecto evaluador de SNAP), y no est\u00e1 afiliada con el Departamento de Servicios Sociales de Virginia. <\/em><\/p>\n<\/div><\/div><\/div><div class=\"fusion-layout-column fusion_builder_column fusion-builder-column-8 fusion_builder_column_1_3 1_3 fusion-flex-column\" style=\"--awb-bg-size:cover;--awb-width-large:33.333333333333%;--awb-margin-top-large:20px;--awb-spacing-right-large:5.76%;--awb-margin-bottom-large:20px;--awb-spacing-left-large:5.76%;--awb-width-medium:33.333333333333%;--awb-order-medium:0;--awb-spacing-right-medium:5.76%;--awb-spacing-left-medium:5.76%;--awb-width-small:100%;--awb-order-small:0;--awb-spacing-right-small:1.92%;--awb-spacing-left-small:1.92%;\"><div class=\"fusion-column-wrapper fusion-column-has-shadow fusion-flex-justify-content-flex-start fusion-content-layout-column\"><i class=\"fb-icon-element-2 fb-icon-element fontawesome-icon fa-lightbulb fas circle-no icon-hover-animation-slide\" style=\"--awb-iconcolor-hover:var(--awb-color7);--awb-font-size:81px;--awb-margin-top:0;--awb-margin-right:0;--awb-margin-bottom:0;--awb-margin-left:0;--awb-align-self:center;\"><\/i><div class=\"fusion-text fusion-text-8\"><h3 style=\"text-align: center; --fontSize: 36; line-height: 1.3;\" data-fontsize=\"36\" data-lineheight=\"46.8px\" class=\"fusion-responsive-typography-calculated\">Conoce sus derechos.<\/h3>\n<\/div><div class=\"fusion-text fusion-text-9\"><p><a href=\"http:\/\/www.learnyourrightsva.org\/\" target=\"_blank\" rel=\"noopener noreferrer\">\u201cConoce sus derechos: Una gu\u00eda para j\u00f3venes en cuidado de crianza temporal\u201d<\/a> es una gu\u00eda del Centro Legal en Contra de la Pobreza de Virginia que incluye informaci\u00f3n sobre qu\u00e9 esperar en el cuidado de crianza temporal y cosas que debe saber durante la transici\u00f3n del cuidado de crianza temporal a la independencia.<\/p>\n<p>Inf\u00f3rmese sobre sus derechos en estas categor\u00edas: legal, educaci\u00f3n, educaci\u00f3n universitaria, dinero, cuidado de salud, conducir un auto, empleo, vivienda y derechos del consumidor.<\/p>\n<\/div><\/div><\/div><div class=\"fusion-layout-column fusion_builder_column fusion-builder-column-9 fusion_builder_column_1_3 1_3 fusion-flex-column\" style=\"--awb-bg-size:cover;--awb-width-large:33.333333333333%;--awb-margin-top-large:20px;--awb-spacing-right-large:5.76%;--awb-margin-bottom-large:20px;--awb-spacing-left-large:5.76%;--awb-width-medium:33.333333333333%;--awb-order-medium:0;--awb-spacing-right-medium:5.76%;--awb-spacing-left-medium:5.76%;--awb-width-small:100%;--awb-order-small:0;--awb-spacing-right-small:1.92%;--awb-spacing-left-small:1.92%;\"><div class=\"fusion-column-wrapper fusion-column-has-shadow fusion-flex-justify-content-flex-start fusion-content-layout-column\"><i class=\"fb-icon-element-3 fb-icon-element fontawesome-icon fa-graduation-cap fas circle-no icon-hover-animation-slide\" style=\"--awb-iconcolor-hover:var(--awb-color7);--awb-font-size:81px;--awb-margin-top:0;--awb-margin-right:0;--awb-margin-bottom:0;--awb-margin-left:0;--awb-align-self:center;\"><\/i><div class=\"fusion-text fusion-text-10\"><h3 style=\"text-align: center; --fontSize: 36; line-height: 1.3;\" data-fontsize=\"36\" data-lineheight=\"46.8px\" class=\"fusion-responsive-typography-calculated\">Haz un plan para la universidad.<\/h3>\n<\/div><div class=\"fusion-text fusion-text-11\"><p>El <b><a href=\"https:\/\/greatexpectations.vccs.edu\/\" target=\"_blank\" rel=\"noopener noreferrer\">programa Grandes Expectativas<\/a><\/b> de Virginia ofrece informaci\u00f3n y recursos sobre la universidad para estudiantes que han formado parte del programa de cuidado de crianza temporal.<\/p>\n<p>El programa empareja a los estudiantes con un entrenador para ayudarle a decidir sus metas, aprender acerca de las escuelas y programas que ofrecen la mejor opci\u00f3n, e inscribirse. Tambi\u00e9n pueden ayudar con cosas como cubrir sus gastos y organizar el transporte. Las becas y la ayuda financiera est\u00e1n disponibles para que la universidad sea m\u00e1s accesible.  <\/p>\n<\/div><\/div><\/div><\/div><\/div><div class=\"fusion-fullwidth fullwidth-box fusion-builder-row-7 fusion-flex-container has-pattern-background has-mask-background nonhundred-percent-fullwidth non-hundred-percent-height-scrolling\" style=\"--awb-border-radius-top-left:0px;--awb-border-radius-top-right:0px;--awb-border-radius-bottom-right:0px;--awb-border-radius-bottom-left:0px;--awb-flex-wrap:wrap;\" ><div class=\"fusion-builder-row fusion-row fusion-flex-align-items-flex-start fusion-flex-content-wrap\" style=\"max-width:1310.4px;margin-left: calc(-4% \/ 2 );margin-right: calc(-4% \/ 2 );\"><div class=\"fusion-layout-column fusion_builder_column fusion-builder-column-10 fusion_builder_column_1_1 1_1 fusion-flex-column\" style=\"--awb-padding-top:30px;--awb-padding-right:40px;--awb-padding-bottom:20px;--awb-padding-left:40px;--awb-overflow:hidden;--awb-bg-color:#fdf5ee;--awb-bg-color-hover:#fdf5ee;--awb-bg-size:cover;--awb-border-radius:12px 12px 12px 12px;--awb-width-large:100%;--awb-margin-top-large:60px;--awb-spacing-right-large:1.92%;--awb-margin-bottom-large:0px;--awb-spacing-left-large:1.92%;--awb-width-medium:100%;--awb-order-medium:0;--awb-spacing-right-medium:1.92%;--awb-spacing-left-medium:1.92%;--awb-width-small:100%;--awb-order-small:0;--awb-spacing-right-small:1.92%;--awb-spacing-left-small:1.92%;\"><div class=\"fusion-column-wrapper fusion-column-has-shadow fusion-flex-justify-content-flex-start fusion-content-layout-column\"><div class=\"fusion-title title fusion-title-2 fusion-sep-none fusion-title-text fusion-title-size-three\" style=\"--awb-text-color:var(--awb-color7);--awb-margin-top-small:10px;--awb-margin-right-small:0px;--awb-margin-bottom-small:20px;--awb-margin-left-small:0px;\"><h3 class=\"fusion-title-heading title-heading-left fusion-responsive-typography-calculated\" style=\"margin:0;--fontSize:36;line-height:1.3;\">\u00bfNecesita ayuda con su solicitud?<\/h3><\/div><div class=\"fusion-text fusion-text-12\"><p style=\"color: var(--awb-color7);\">Ya sea que vaya a presentar una solicitud o necesite ayuda para revisar c\u00f3mo funciona su cobertura, un navegador puede ayudarle. Utilize el bot\u00f3n de abajo para encontrar ayuda gratuita e imparcial en su comunidad.  <\/p>\n<\/div><div ><a class=\"fusion-button button-flat fusion-button-default-size button-default fusion-button-default button-1 fusion-button-default-span fusion-button-default-type\" target=\"_self\" href=\"https:\/\/enrollva.org\/es\/obten-ayuda\/\"><span class=\"fusion-button-text awb-button__text awb-button__text--default\">Encuentra ayuda cerca de usted<\/span><\/a><\/div><\/div><\/div><\/div><\/div><\/p>\n","protected":false},"excerpt":{"rendered":"","protected":false},"author":1,"featured_media":0,"parent":0,"menu_order":0,"comment_status":"closed","ping_status":"closed","template":"","meta":{"footnotes":""},"class_list":["post-2797","page","type-page","status-publish","hentry"],"_links":{"self":[{"href":"https:\/\/enrollva.org\/es\/wp-json\/wp\/v2\/pages\/2797","targetHints":{"allow":["GET"]}}],"collection":[{"href":"https:\/\/enrollva.org\/es\/wp-json\/wp\/v2\/pages"}],"about":[{"href":"https:\/\/enrollva.org\/es\/wp-json\/wp\/v2\/types\/page"}],"author":[{"embeddable":true,"href":"https:\/\/enrollva.org\/es\/wp-json\/wp\/v2\/users\/1"}],"replies":[{"embeddable":true,"href":"https:\/\/enrollva.org\/es\/wp-json\/wp\/v2\/comments?post=2797"}],"version-history":[{"count":3,"href":"https:\/\/enrollva.org\/es\/wp-json\/wp\/v2\/pages\/2797\/revisions"}],"predecessor-version":[{"id":2802,"href":"https:\/\/enrollva.org\/es\/wp-json\/wp\/v2\/pages\/2797\/revisions\/2802"}],"wp:attachment":[{"href":"https:\/\/enrollva.org\/es\/wp-json\/wp\/v2\/media?parent=2797"}],"curies":[{"name":"wp","href":"https:\/\/api.w.org\/{rel}","templated":true}]}}