{"id":2803,"date":"2025-10-23T20:03:40","date_gmt":"2025-10-23T20:03:40","guid":{"rendered":"https:\/\/enrollva.org\/la-carga-publica\/"},"modified":"2026-03-24T02:17:56","modified_gmt":"2026-03-24T02:17:56","slug":"la-carga-publica","status":"publish","type":"page","link":"https:\/\/enrollva.org\/es\/la-carga-publica\/","title":{"rendered":"La Carga P\u00fablica"},"content":{"rendered":"<div class=\"fusion-fullwidth fullwidth-box fusion-builder-row-1 fusion-flex-container has-pattern-background has-mask-background nonhundred-percent-fullwidth non-hundred-percent-height-scrolling\" style=\"--awb-border-radius-top-left:0px;--awb-border-radius-top-right:0px;--awb-border-radius-bottom-right:0px;--awb-border-radius-bottom-left:0px;--awb-flex-wrap:wrap;\" ><div class=\"fusion-builder-row fusion-row fusion-flex-align-items-flex-start fusion-flex-content-wrap\" style=\"max-width:1310.4px;margin-left: calc(-4% \/ 2 );margin-right: calc(-4% \/ 2 );\"><div class=\"fusion-layout-column fusion_builder_column fusion-builder-column-0 fusion_builder_column_1_1 1_1 fusion-flex-column\" style=\"--awb-bg-size:cover;--awb-width-large:100%;--awb-margin-top-large:20px;--awb-spacing-right-large:1.92%;--awb-margin-bottom-large:20px;--awb-spacing-left-large:1.92%;--awb-width-medium:100%;--awb-order-medium:0;--awb-spacing-right-medium:1.92%;--awb-spacing-left-medium:1.92%;--awb-width-small:100%;--awb-order-small:0;--awb-spacing-right-small:1.92%;--awb-spacing-left-small:1.92%;\"><div class=\"fusion-column-wrapper fusion-column-has-shadow fusion-flex-justify-content-flex-start fusion-content-layout-column\"><div class=\"fusion-title title fusion-title-1 fusion-sep-none fusion-title-text fusion-title-size-one\" style=\"--awb-margin-top-small:10px;--awb-margin-right-small:0px;--awb-margin-bottom-small:20px;--awb-margin-left-small:0px;\"><h1 class=\"fusion-title-heading title-heading-left fusion-responsive-typography-calculated\" style=\"margin:0;--fontSize:60;line-height:var(--awb-typography1-line-height);\">\u00bfQu\u00e9 es la carga p\u00fablica?<\/h1><\/div><div class=\"fusion-text fusion-text-1\"><p><b><i>Esta p\u00e1gina fue actualizada por \u00faltima vez el 24 de noviembre de 2025. Actualizaremos el contenido de esta p\u00e1gina siempre cuando haya cambios en la regla de la carga p\u00fablica. <\/i><\/b><\/p>\n<p>Algunas personas que soliciten una tarjeta verde o una visa para ingresar a los Estados Unidos deben pasar una prueba de \u201ccarga p\u00fablica\u201d, que analiza si la persona depender\u00e1 principalmente del gobierno en el futuro.<\/p>\n<p>La administraci\u00f3n Trump ha propuesto recientemente un cambio en la prueba de la \u00abcarga p\u00fablica\u00bb. Las reglas a\u00fan no han cambiado.  <b>La regla de carga p\u00fablica de la administraci\u00f3n Biden sigue vigente y seguir\u00e1 vigente hasta que exista una nueva regla definitiva.<\/b> La mayor\u00eda de los inmigrantes sujetos a la carga p\u00fablica no son elegibles para los beneficios que cuentan en su contra en la prueba.<\/p>\n<h2><b style=\"letter-spacing: 0.16px\">La mayor\u00eda de la gente no tiene que preocuparse por la carga p\u00fablica en absoluto.<\/b><\/h2>\n<p>La carga p\u00fablica se aplica principalmente a las personas que buscan la residencia permanente a trav\u00e9s de un miembro de la familia o que buscan entrar a los Estados Unidos desde fuera del pa\u00eds. Si usted ya tiene su residencia permanente, o usted no tiene actualmente un camino para obtener una, esto no le afecta. Muchos inmigrantes, como refugiados y asilados, est\u00e1n exentos de la prueba de carga p\u00fablica cuando est\u00e1n solicitando su residencia permanente. Si est\u00e1 solicitando su residencia permanente o desea aplicar, consulte a un abogado de inmigraci\u00f3n.<\/p>\n<p>La administraci\u00f3n de Trump planea emitir una gu\u00eda, pero no sabemos qu\u00e9 dir\u00e1. Si se finaliza la nueva regla propuesta, no queda claro aun qu\u00e9 programas de beneficios se considerar\u00edan. Tampoco est\u00e1 claro si se considerar\u00eda el uso de beneficios por parte de los miembros de la familia. El uso de beneficios p\u00fablicos ser\u00eda uno de los muchos factores que los funcionarios podr\u00edan considerar durante una determinaci\u00f3n de carga p\u00fablica.   <\/p>\n<p><b>Protegiendo Familias Inmigrantes est\u00e1 compartiendo informaci\u00f3n y materiales sobre la nueva regla propuesta conforme haya m\u00e1s informaci\u00f3n disponible. <a href=\"https:\/\/pifcoalition.org\/toolkits\/public-charge-regulation\/\" target=\"_blank\" rel=\"noopener noreferrer\">Consulta su p\u00e1gina web para m\u00e1s informaci\u00f3n.<\/a><\/b><\/p>\n<\/div><\/div><\/div><div class=\"fusion-layout-column fusion_builder_column fusion-builder-column-1 fusion_builder_column_1_1 1_1 fusion-flex-column\" style=\"--awb-bg-size:cover;--awb-width-large:100%;--awb-margin-top-large:20px;--awb-spacing-right-large:1.92%;--awb-margin-bottom-large:20px;--awb-spacing-left-large:1.92%;--awb-width-medium:100%;--awb-order-medium:0;--awb-spacing-right-medium:1.92%;--awb-spacing-left-medium:1.92%;--awb-width-small:100%;--awb-order-small:0;--awb-spacing-right-small:1.92%;--awb-spacing-left-small:1.92%;\"><div class=\"fusion-column-wrapper fusion-column-has-shadow fusion-flex-justify-content-flex-start fusion-content-layout-column\"><div class=\"fusion-text fusion-text-2\"><h2 data-fontsize=\"48\" data-lineheight=\"57.6px\" class=\"fusion-responsive-typography-calculated\" style=\"--fontSize: 48;line-height: 1.2\">M\u00e1s recursos<\/h2>\n<ul>\n<li>\n<p>Encuentra un abogado de inmigraci\u00f3n: <a href=\"https:\/\/keepyourbenefits.org\/en\/na\/find-help\" target=\"_blank\" rel=\"noopener noreferrer\">Conserva sus beneficios herramienta de localizaci\u00f3n de abogados de ayuda legal<\/a><\/p>\n<\/li>\n<li>\n<p><span style=\"letter-spacing: 0.16px\">Si pierde sus beneficios de SNAP, utiliza esta herramienta en l\u00ednea para encontrar su almac\u00e9n de alimentos local:<a href=\"https:\/\/vafoodbanks.org\/find-food\/\" target=\"_blank\" rel=\"noopener noreferrer\"> https:\/\/vafoodbanks.org\/find-food\/<\/a><\/span><\/p>\n<\/li>\n<li>\n<p><span style=\"letter-spacing: 0.16px\">Si pierde su seguro m\u00e9dico, busca informaci\u00f3n sobre su centro de salud comunitario local o cl\u00ednica gratuita: <a href=\"https:\/\/www.enrollva.org\/clinics\/\" target=\"_blank\" rel=\"noopener noreferrer\">https:\/\/www.enrollva.org\/clinics\/<\/a><\/span><\/p>\n<\/li>\n<\/ul>\n<\/div><\/div><\/div><\/div><\/div>\n","protected":false},"excerpt":{"rendered":"","protected":false},"author":1,"featured_media":0,"parent":0,"menu_order":0,"comment_status":"closed","ping_status":"closed","template":"","meta":{"footnotes":""},"class_list":["post-2803","page","type-page","status-publish","hentry"],"_links":{"self":[{"href":"https:\/\/enrollva.org\/es\/wp-json\/wp\/v2\/pages\/2803","targetHints":{"allow":["GET"]}}],"collection":[{"href":"https:\/\/enrollva.org\/es\/wp-json\/wp\/v2\/pages"}],"about":[{"href":"https:\/\/enrollva.org\/es\/wp-json\/wp\/v2\/types\/page"}],"author":[{"embeddable":true,"href":"https:\/\/enrollva.org\/es\/wp-json\/wp\/v2\/users\/1"}],"replies":[{"embeddable":true,"href":"https:\/\/enrollva.org\/es\/wp-json\/wp\/v2\/comments?post=2803"}],"version-history":[{"count":4,"href":"https:\/\/enrollva.org\/es\/wp-json\/wp\/v2\/pages\/2803\/revisions"}],"predecessor-version":[{"id":2807,"href":"https:\/\/enrollva.org\/es\/wp-json\/wp\/v2\/pages\/2803\/revisions\/2807"}],"wp:attachment":[{"href":"https:\/\/enrollva.org\/es\/wp-json\/wp\/v2\/media?parent=2803"}],"curies":[{"name":"wp","href":"https:\/\/api.w.org\/{rel}","templated":true}]}}