{"id":2817,"date":"2020-09-14T16:06:13","date_gmt":"2020-09-14T16:06:13","guid":{"rendered":"https:\/\/enrollva.org\/respuestas-para-las-preguntas-mas-frecuentes\/"},"modified":"2026-03-25T00:42:37","modified_gmt":"2026-03-25T00:42:37","slug":"respuestas-para-las-preguntas-mas-frecuentes","status":"publish","type":"page","link":"https:\/\/enrollva.org\/es\/respuestas-para-las-preguntas-mas-frecuentes\/","title":{"rendered":"Respuestas para las preguntas m\u00e1s frecuentes"},"content":{"rendered":"<p><div class=\"fusion-fullwidth fullwidth-box fusion-builder-row-1 fusion-flex-container nonhundred-percent-fullwidth non-hundred-percent-height-scrolling\" style=\"--awb-border-radius-top-left:0px;--awb-border-radius-top-right:0px;--awb-border-radius-bottom-right:0px;--awb-border-radius-bottom-left:0px;--awb-padding-top:80px;--awb-padding-bottom:80px;--awb-padding-top-medium:60px;--awb-padding-bottom-medium:60px;--awb-padding-top-small:20px;--awb-padding-bottom-small:60px;--awb-background-color:var(--awb-color2);--awb-flex-wrap:wrap;\" ><div class=\"fusion-builder-row fusion-row fusion-flex-align-items-flex-start fusion-flex-justify-content-center fusion-flex-content-wrap\" style=\"max-width:1310.4px;margin-left: calc(-4% \/ 2 );margin-right: calc(-4% \/ 2 );\"><div class=\"fusion-layout-column fusion_builder_column fusion-builder-column-0 fusion_builder_column_2_5 2_5 fusion-flex-column\" style=\"--awb-bg-size:cover;--awb-width-large:40%;--awb-margin-top-large:20px;--awb-spacing-right-large:9.6%;--awb-margin-bottom-large:20px;--awb-spacing-left-large:4.8%;--awb-width-medium:50%;--awb-order-medium:0;--awb-spacing-right-medium:7.68%;--awb-spacing-left-medium:7.68%;--awb-width-small:100%;--awb-order-small:0;--awb-spacing-right-small:1.92%;--awb-margin-bottom-small:0px;--awb-spacing-left-small:1.92%;\"><div class=\"fusion-column-wrapper fusion-column-has-shadow fusion-flex-justify-content-flex-start fusion-content-layout-column\"><div class=\"fusion-title title fusion-title-1 fusion-sep-none fusion-title-text fusion-title-size-four\" style=\"--awb-margin-bottom:16px;--awb-margin-top-small:10px;--awb-margin-right-small:0px;--awb-margin-bottom-small:20px;--awb-margin-left-small:0px;\"><h4 class=\"fusion-title-heading title-heading-left fusion-responsive-typography-calculated\" style=\"margin:0;--fontSize:24;--minFontSize:24;line-height:1.42;\">\u00bfPor qu\u00e9 necesito un seguro de salud?<\/h4><\/div><div class=\"fusion-text fusion-text-1\"><p>Los accidentes y enfermedades pueden ocurrir en cualquier momento. No siempre podemos predecir cu\u00e1ndo necesitaremos atenci\u00f3n m\u00e9dica. Sin un seguro de salud, Ud. es responsable del costo total de sus facturas m\u00e9dicas, que pueden superar m\u00e1s de miles de d\u00f3lares. La deuda m\u00e9dica es la principal raz\u00f3n por la que la gente se declara en bancarrota. La mejor manera de proteger su salud y sus finanzas es teniendo un seguro de salud.<\/p>\n<\/div><div class=\"fusion-title title fusion-title-2 fusion-sep-none fusion-title-text fusion-title-size-four\" style=\"--awb-margin-top:24px;--awb-margin-top-small:10px;--awb-margin-right-small:0px;--awb-margin-bottom-small:20px;--awb-margin-left-small:0px;\"><h4 class=\"fusion-title-heading title-heading-left fusion-responsive-typography-calculated\" style=\"margin:0;--fontSize:24;--minFontSize:24;line-height:1.42;\">\u00bfQu\u00e9 es el Mercado de Seguros de Virginia (Obamacare)?<\/h4><\/div><div class=\"fusion-text fusion-text-2\"><p>El Mercado de Seguros de Virginia (VIM por sus signos en ingl\u00e9s) es una plataforma donde los habitantes de Virginia pueden buscar, comparar, y inscribir en un plan de seguro de salud. Todos los planes del Mercado son planes de alta calidad que cubren beneficios esenciales para la salud. Muchos hogares tambi\u00e9n son elegibles para recibir ayuda econ\u00f3mica para reducir el costo del cuidado de salud.<\/p>\n<\/div><div class=\"fusion-title title fusion-title-3 fusion-sep-none fusion-title-text fusion-title-size-four\" style=\"--awb-margin-top:24px;--awb-margin-top-small:10px;--awb-margin-right-small:0px;--awb-margin-bottom-small:20px;--awb-margin-left-small:0px;\"><h4 class=\"fusion-title-heading title-heading-left fusion-responsive-typography-calculated\" style=\"margin:0;--fontSize:24;--minFontSize:24;line-height:1.42;\">\u00bfQu\u00e9 es la inscripci\u00f3n abierta?<\/h4><\/div><div class=\"fusion-text fusion-text-3\"><p>La inscripci\u00f3n abierta es la \u00e9poca del a\u00f1o en la que se puede inscribir en una nueva cobertura o hacer cambios en su plan de salud actual. Fuera del periodo de inscripci\u00f3n abierta, normalmente tiene que experimentar un \u00abcambio de vida que califica\u00bb para inscribirse o cambiar su cobertura. Algunos ejemplos de cambios de vida que califican son perder su seguro m\u00e9dico o Medicaid, mudarse a una nueva direcci\u00f3n o casarse.<\/p>\n<\/div><div class=\"fusion-title title fusion-title-4 fusion-sep-none fusion-title-text fusion-title-size-four\" style=\"--awb-margin-top:24px;--awb-margin-top-small:10px;--awb-margin-right-small:0px;--awb-margin-bottom-small:20px;--awb-margin-left-small:0px;\"><h4 class=\"fusion-title-heading title-heading-left fusion-responsive-typography-calculated\" style=\"margin:0;--fontSize:24;--minFontSize:24;line-height:1.42;\">\u00bfExisten requisitos de elegibilidad para inscribirse en un plan de salud?<\/h4><\/div><div class=\"fusion-text fusion-text-4\"><p>S\u00ed, pero los distintos programas de seguro de salud tienen distintos requisitos de elegibilidad. Una cosa siempre es cierta: para inscribirse en un seguro de salud en Virginia, debe ser habitante de Virginia o estar a punto de mudar a Virginia.<\/p>\n<p>Un navegador puede ayudarle a revisar su elegibilidad y revisar su elegibilidad para diferentes tipos de seguro de salud.. Y si no puede inscribirse en un seguro m\u00e9dico, pueden ayudarle a conectarse con otras formas de acceder a la atenci\u00f3n de salud cuando la necesite.<\/p>\n<\/div><div class=\"fusion-title title fusion-title-5 fusion-sep-none fusion-title-text fusion-title-size-four\" style=\"--awb-margin-top:24px;--awb-margin-top-small:10px;--awb-margin-right-small:0px;--awb-margin-bottom-small:20px;--awb-margin-left-small:0px;\"><h4 class=\"fusion-title-heading title-heading-left fusion-responsive-typography-calculated\" style=\"margin:0;--fontSize:24;--minFontSize:24;line-height:1.42;\">\u00bfC\u00f3mo puedo aprender m\u00e1s sobre mi plan de salud?<\/h4><\/div><div class=\"fusion-text fusion-text-5\"><p>Para revisar lo que incluye su plan, consulta el resumen de beneficios de su aseguradora. Puede descargar el resumen de beneficios en l\u00ednea o solicitar una copia en papel por correo. <\/p>\n<p>El resumen de beneficios incluye informaci\u00f3n sobre su plan de salud y cu\u00e1nto cubre para los distintos servicios m\u00e9dicos. Tambi\u00e9n deber\u00eda indicarle d\u00f3nde encontrar proveedores dentro de la red y una lista de medicamentos cubiertos. <\/p>\n<p>Un navegador tambi\u00e9n puede ayudarle a responder preguntas sobre su plan. <\/p>\n<\/div><\/div><\/div><div class=\"fusion-layout-column fusion_builder_column fusion-builder-column-1 fusion_builder_column_2_5 2_5 fusion-flex-column\" style=\"--awb-bg-size:cover;--awb-width-large:40%;--awb-margin-top-large:20px;--awb-spacing-right-large:4.8%;--awb-margin-bottom-large:20px;--awb-spacing-left-large:9.6%;--awb-width-medium:50%;--awb-order-medium:0;--awb-spacing-right-medium:7.68%;--awb-spacing-left-medium:7.68%;--awb-width-small:100%;--awb-order-small:0;--awb-margin-top-small:0px;--awb-spacing-right-small:1.92%;--awb-margin-bottom-small:0px;--awb-spacing-left-small:1.92%;\"><div class=\"fusion-column-wrapper fusion-column-has-shadow fusion-flex-justify-content-flex-start fusion-content-layout-column\"><div class=\"fusion-title title fusion-title-6 fusion-sep-none fusion-title-text fusion-title-size-four\" style=\"--awb-margin-top-small:10px;--awb-margin-right-small:0px;--awb-margin-bottom-small:20px;--awb-margin-left-small:0px;\"><h4 class=\"fusion-title-heading title-heading-left fusion-responsive-typography-calculated\" style=\"margin:0;--fontSize:24;--minFontSize:24;line-height:1.42;\">\u00bfC\u00f3mo funciona el seguro m\u00e9dico?<\/h4><\/div><div class=\"fusion-text fusion-text-6\"><p>Cuando se inscribe en una p\u00f3liza de seguro de salud, forma parte de un grupo que las compa\u00f1\u00edas de seguros de salud llamen \u00abgrupo de riesgos\u00bb. Todos los miembros pagan una prima mensual para ayudar a cubrir los gastos m\u00e9dicos de su grupo de riesgo.<\/p>\n<p>A cambio de su prima mensual, la compa\u00f1\u00eda de seguros acepta compartir el costo de sus servicios m\u00e9dicos cubiertos. Esos servicios cubiertos son nombrados en su p\u00f3liza. <\/p>\n<\/div><div class=\"fusion-title title fusion-title-7 fusion-sep-none fusion-title-text fusion-title-size-four\" style=\"--awb-margin-top:24px;--awb-margin-top-small:10px;--awb-margin-right-small:0px;--awb-margin-bottom-small:20px;--awb-margin-left-small:0px;\"><h4 class=\"fusion-title-heading title-heading-left fusion-responsive-typography-calculated\" style=\"margin:0;--fontSize:24;--minFontSize:24;line-height:1.42;\">\u00bfQu\u00e9 es Medicaid?<\/h4><\/div><div class=\"fusion-text fusion-text-7\"><p>Medicaid y FAMIS son planes de seguro de salud gratuitos y de bajo costo ofrecidos por el gobierno a personas que cumplen ciertos criterios de ingresos o salud. <\/p>\n<p>Medicaid es un programa federal y estatal que ayuda a personas con ingresos y recursos limitados a cubrir sus gastos m\u00e9dicos. Tambi\u00e9n cubre beneficios para adultos mayores que normalmente no est\u00e1n cubiertos por Medicare, como la atenci\u00f3n de enfermer\u00eda.<\/p>\n<p>FAMIS es un programa que cubre a algunos ni\u00f1os y individuos embarazados que tienen ingresos modestos pero no cumplen con los requisitos m\u00e1s estrictas de Medicaid. <\/p>\n<\/div><div class=\"fusion-title title fusion-title-8 fusion-sep-none fusion-title-text fusion-title-size-four\" style=\"--awb-margin-top:24px;--awb-margin-top-small:10px;--awb-margin-right-small:0px;--awb-margin-bottom-small:20px;--awb-margin-left-small:0px;\"><h4 class=\"fusion-title-heading title-heading-left fusion-responsive-typography-calculated\" style=\"margin:0;--fontSize:24;--minFontSize:24;line-height:1.42;\">No soy elegible para un seguro de salud&#8230; \u00bfa d\u00f3nde puedo acudir cuando necesito atenci\u00f3n m\u00e9dica?<\/h4><\/div><div class=\"fusion-text fusion-text-8\"><p>Si sus ingresos son inferiores a cierta cantidad y no tiene seguro m\u00e9dico ni Medicaid, puede recibir servicios de salud gratuitos en una cl\u00ednica gratuita. Incluso si no es elegible para una cl\u00ednica gratuita, podr\u00eda calificar para servicios gratuitos o de bajo costo en un centro de salud comunitario. Los centros de salud comunitarios utilizan un sistema de \u00abtarifa en una escala basada en ingresos\u00bb para ajustar el costo de los servicios de salud de acuerdo a sus ingresos. <a href=\"https:\/\/enrollva.org\/es\/clinicas\/\" target=\"_blank\" rel=\"noopener noreferrer\">Haz clic aqu\u00ed para encontrar cl\u00ednicas cerca de Ud.<\/a><\/p>\n<\/div><div class=\"fusion-title title fusion-title-9 fusion-sep-none fusion-title-text fusion-title-size-four\" style=\"--awb-margin-top:24px;--awb-margin-top-small:10px;--awb-margin-right-small:0px;--awb-margin-bottom-small:20px;--awb-margin-left-small:0px;\"><h4 class=\"fusion-title-heading title-heading-left fusion-responsive-typography-calculated\" style=\"margin:0;--fontSize:24;--minFontSize:24;line-height:1.42;\">\u00bfQu\u00e9 es una organizaci\u00f3n de atenci\u00f3n m\u00e9dica administrada?<\/h4><\/div><div class=\"fusion-text fusion-text-9\"><p>Si tiene Medicaid, su Organizaci\u00f3n de M\u00e9dica Administrada (MCO por sus signos en ingl\u00e9s) es el plan de salud que contrata a los proveedores para gestionar su cobertura de Medicaid. Su organizaci\u00f3n de atenci\u00f3n m\u00e9dica administrada puede responder preguntas sobre su cobertura y atenci\u00f3n, gestionar casos y coordinar el transporte a las citas.<\/p>\n<\/div><div class=\"fusion-title title fusion-title-10 fusion-sep-none fusion-title-text fusion-title-size-four\" style=\"--awb-margin-top:24px;--awb-margin-top-small:10px;--awb-margin-right-small:0px;--awb-margin-bottom-small:20px;--awb-margin-left-small:0px;\"><h4 class=\"fusion-title-heading title-heading-left fusion-responsive-typography-calculated\" style=\"margin:0;--fontSize:24;--minFontSize:24;line-height:1.42;\">\u00bfQu\u00e9 hacen los navegadores?<\/h4><\/div><div class=\"fusion-text fusion-text-10\"><p>Los navegadores son una fuente gratuita e imparcial de informaci\u00f3n sobre la cobertura de salud. Un navegador puede ayudarle a comprobar su elegibilidad para diferentes tipos de cobertura de salud y completar una solicitud.<\/p>\n<p> Tambi\u00e9n pueden responder preguntas sobre su cobertura y ayudartl a utilizarla para acceder al cuidado de salud. Si tiene problemas con su seguro de salud o pierde la cobertura, un navegador puede revisar sus opciones con Ud.<\/p>\n<\/div><\/div><\/div><\/div><\/div><div class=\"fusion-fullwidth fullwidth-box fusion-builder-row-2 fusion-flex-container nonhundred-percent-fullwidth non-hundred-percent-height-scrolling\" style=\"--awb-border-radius-top-left:0px;--awb-border-radius-top-right:0px;--awb-border-radius-bottom-right:0px;--awb-border-radius-bottom-left:0px;--awb-padding-top:102px;--awb-padding-bottom:60px;--awb-padding-bottom-medium:32px;--awb-padding-top-small:40px;--awb-padding-bottom-small:40px;--awb-flex-wrap:wrap;\" ><div class=\"fusion-builder-row fusion-row fusion-flex-align-items-flex-start fusion-flex-justify-content-center fusion-flex-content-wrap\" style=\"max-width:1310.4px;margin-left: calc(-4% \/ 2 );margin-right: calc(-4% \/ 2 );\"><div class=\"fusion-layout-column fusion_builder_column fusion-builder-column-2 fusion_builder_column_3_4 3_4 fusion-flex-column\" style=\"--awb-bg-size:cover;--awb-width-large:75%;--awb-margin-top-large:20px;--awb-spacing-right-large:2.56%;--awb-margin-bottom-large:20px;--awb-spacing-left-large:2.56%;--awb-width-medium:75%;--awb-spacing-right-medium:2.56%;--awb-margin-bottom-medium:30px;--awb-spacing-left-medium:2.56%;--awb-width-small:100%;--awb-spacing-right-small:1.92%;--awb-spacing-left-small:1.92%;\"><div class=\"fusion-column-wrapper fusion-column-has-shadow fusion-flex-justify-content-flex-start fusion-content-layout-column\"><div class=\"fusion-title title fusion-title-11 fusion-sep-none fusion-title-center fusion-title-text fusion-title-size-two\" style=\"--awb-margin-top-small:10px;--awb-margin-right-small:0px;--awb-margin-bottom-small:20px;--awb-margin-left-small:0px;\"><h2 class=\"fusion-title-heading title-heading-center fusion-responsive-typography-calculated\" style=\"margin:0;--fontSize:48;line-height:1.2;\">Obtenga ayuda con la cobertura de salud.<\/h2><\/div><div class=\"fusion-text fusion-text-11\" style=\"--awb-content-alignment:center;--awb-font-size:26px;--awb-line-height:36px;\"><p><span style=\"color: var(--awb-color7);\">Comun\u00edquese con un navegador certificado al llamar (888) 392-5132<\/span><\/p>\n<\/div><div style=\"text-align:center;\"><a class=\"fusion-button button-flat fusion-button-default-size button-default fusion-button-default button-1 fusion-button-default-span fusion-button-default-type\" style=\"--button_margin-top:32px;--button_margin-bottom:12px;\" target=\"_self\" href=\"https:\/\/enrollva.org\/es\/obten-ayuda\/\"><span class=\"fusion-button-text awb-button__text awb-button__text--default\">Encuentre su oficina local<\/span><\/a><\/div><div class=\"fusion-text fusion-text-12\" style=\"--awb-content-alignment:center;--awb-font-size:16px;--awb-line-height:28px;\"><p>Los navegadores pueden ayudarle a completar una solicitud y responder preguntas sobre su cobertura de salud.<\/p>\n<\/div><\/div><\/div><\/div><\/div>\n<\/p>\n","protected":false},"excerpt":{"rendered":"","protected":false},"author":1,"featured_media":0,"parent":0,"menu_order":0,"comment_status":"closed","ping_status":"closed","template":"100-width.php","meta":{"footnotes":""},"class_list":["post-2817","page","type-page","status-publish","hentry"],"_links":{"self":[{"href":"https:\/\/enrollva.org\/es\/wp-json\/wp\/v2\/pages\/2817","targetHints":{"allow":["GET"]}}],"collection":[{"href":"https:\/\/enrollva.org\/es\/wp-json\/wp\/v2\/pages"}],"about":[{"href":"https:\/\/enrollva.org\/es\/wp-json\/wp\/v2\/types\/page"}],"author":[{"embeddable":true,"href":"https:\/\/enrollva.org\/es\/wp-json\/wp\/v2\/users\/1"}],"replies":[{"embeddable":true,"href":"https:\/\/enrollva.org\/es\/wp-json\/wp\/v2\/comments?post=2817"}],"version-history":[{"count":2,"href":"https:\/\/enrollva.org\/es\/wp-json\/wp\/v2\/pages\/2817\/revisions"}],"predecessor-version":[{"id":2819,"href":"https:\/\/enrollva.org\/es\/wp-json\/wp\/v2\/pages\/2817\/revisions\/2819"}],"wp:attachment":[{"href":"https:\/\/enrollva.org\/es\/wp-json\/wp\/v2\/media?parent=2817"}],"curies":[{"name":"wp","href":"https:\/\/api.w.org\/{rel}","templated":true}]}}